{"id":97,"date":"2021-10-14T10:28:07","date_gmt":"2021-10-14T08:28:07","guid":{"rendered":"https:\/\/maisonholdon.com\/?page_id=97"},"modified":"2021-11-04T12:32:11","modified_gmt":"2021-11-04T11:32:11","slug":"nous-soutenir","status":"publish","type":"page","link":"https:\/\/maisonholdon.com\/index.php\/nous-soutenir\/","title":{"rendered":"PRET-A-PORTER"},"content":{"rendered":"\n<p><\/p>\n\n\n\n<p><\/p>\n\n\n\n<p><em>Merci pour votre visite.<\/em><\/p>\n\n\n\n<p><em> Aidez-nous \u00e0 faire conna\u00eetre ce site Internet en le partageant \u00e0 vos amis sur les r\u00e9seaux sociaux. <\/em><\/p>\n\n\n\n<p><em>Utilisez les boutons pr\u00e9sents sur cette page pour la partager sur votre r\u00e9seau social favori.<\/em><\/p>\n\n\n\n<figure><img src=\"https:\/\/maisonholdon.com\/wp-content\/uploads\/2021\/10\/Merci.png\" alt=\"\"\/><\/figure>\n\n\n\n<p><\/p>\n\n\n<p><p class=\"responsive-video-wrap clr\"><iframe loading=\"lazy\" title=\"L&#039;Ecole Fran\u00e7aise \u00e0 la T\u00e9l\u00e9vision\" width=\"1200\" height=\"675\" src=\"https:\/\/www.youtube.com\/embed\/4GsmgHXZEy4?feature=oembed\" frameborder=\"0\" allow=\"accelerometer; autoplay; clipboard-write; encrypted-media; gyroscope; picture-in-picture\" allowfullscreen><\/iframe><\/p><\/p>\n\n\n<ul class=\"wp-block-social-links has-icon-color has-icon-background-color\">\n\n<\/ul>\n","protected":false},"excerpt":{"rendered":"<p>Merci pour votre visite. Aidez-nous \u00e0 faire conna\u00eetre ce site Internet en le partageant \u00e0 vos amis sur les r\u00e9seaux sociaux. Utilisez les boutons pr\u00e9sents sur cette page pour la partager sur votre r\u00e9seau social favori.<\/p>\n","protected":false},"author":1,"featured_media":0,"parent":0,"menu_order":0,"comment_status":"closed","ping_status":"closed","template":"","meta":{"spay_email":""},"yoast_head":"<!-- This site is optimized with the Yoast SEO plugin v17.3 - https:\/\/yoast.com\/wordpress\/plugins\/seo\/ -->\n<title>PRET-A-PORTER - HOLD ON<\/title>\n<meta name=\"robots\" content=\"noindex, follow, max-snippet:-1, max-image-preview:large, max-video-preview:-1\" \/>\n<meta property=\"og:locale\" content=\"fr_FR\" \/>\n<meta property=\"og:type\" content=\"article\" \/>\n<meta property=\"og:title\" content=\"PRET-A-PORTER - HOLD ON\" \/>\n<meta property=\"og:description\" content=\"Merci pour votre visite. Aidez-nous \u00e0 faire conna\u00eetre ce site Internet en le partageant \u00e0 vos amis sur les r\u00e9seaux sociaux. Utilisez les boutons pr\u00e9sents sur cette page pour la partager sur votre r\u00e9seau social favori.\" \/>\n<meta property=\"og:url\" content=\"https:\/\/maisonholdon.com\/index.php\/nous-soutenir\/\" \/>\n<meta property=\"og:site_name\" content=\"HOLD ON\" \/>\n<meta property=\"article:modified_time\" content=\"2021-11-04T11:32:11+00:00\" \/>\n<meta property=\"og:image\" content=\"https:\/\/maisonholdon.com\/wp-content\/uploads\/2021\/10\/Merci.png\" \/>\n<meta name=\"twitter:card\" content=\"summary_large_image\" \/>\n<meta name=\"twitter:label1\" content=\"Dur\u00e9e de lecture estim\u00e9e\" \/>\n\t<meta name=\"twitter:data1\" content=\"1 minute\" \/>\n<script type=\"application\/ld+json\" class=\"yoast-schema-graph\">{\"@context\":\"https:\/\/schema.org\",\"@graph\":[{\"@type\":\"WebSite\",\"@id\":\"https:\/\/maisonholdon.com\/#website\",\"url\":\"https:\/\/maisonholdon.com\/\",\"name\":\"HOLD ON\",\"description\":\"Le site de ma boulangerie\",\"potentialAction\":[{\"@type\":\"SearchAction\",\"target\":{\"@type\":\"EntryPoint\",\"urlTemplate\":\"https:\/\/maisonholdon.com\/?s={search_term_string}\"},\"query-input\":\"required name=search_term_string\"}],\"inLanguage\":\"fr-FR\"},{\"@type\":\"ImageObject\",\"@id\":\"https:\/\/maisonholdon.com\/index.php\/nous-soutenir\/#primaryimage\",\"inLanguage\":\"fr-FR\",\"url\":\"https:\/\/maisonholdon.com\/wp-content\/uploads\/2021\/10\/Merci.png\",\"contentUrl\":\"https:\/\/maisonholdon.com\/wp-content\/uploads\/2021\/10\/Merci.png\",\"width\":300,\"height\":147},{\"@type\":\"WebPage\",\"@id\":\"https:\/\/maisonholdon.com\/index.php\/nous-soutenir\/#webpage\",\"url\":\"https:\/\/maisonholdon.com\/index.php\/nous-soutenir\/\",\"name\":\"PRET-A-PORTER - HOLD ON\",\"isPartOf\":{\"@id\":\"https:\/\/maisonholdon.com\/#website\"},\"primaryImageOfPage\":{\"@id\":\"https:\/\/maisonholdon.com\/index.php\/nous-soutenir\/#primaryimage\"},\"datePublished\":\"2021-10-14T08:28:07+00:00\",\"dateModified\":\"2021-11-04T11:32:11+00:00\",\"breadcrumb\":{\"@id\":\"https:\/\/maisonholdon.com\/index.php\/nous-soutenir\/#breadcrumb\"},\"inLanguage\":\"fr-FR\",\"potentialAction\":[{\"@type\":\"ReadAction\",\"target\":[\"https:\/\/maisonholdon.com\/index.php\/nous-soutenir\/\"]}]},{\"@type\":\"BreadcrumbList\",\"@id\":\"https:\/\/maisonholdon.com\/index.php\/nous-soutenir\/#breadcrumb\",\"itemListElement\":[{\"@type\":\"ListItem\",\"position\":1,\"name\":\"Accueil\",\"item\":\"https:\/\/maisonholdon.com\/\"},{\"@type\":\"ListItem\",\"position\":2,\"name\":\"PRET-A-PORTER\"}]}]}<\/script>\n<!-- \/ Yoast SEO plugin. -->","yoast_head_json":{"title":"PRET-A-PORTER - HOLD ON","robots":{"index":"noindex","follow":"follow","max-snippet":"max-snippet:-1","max-image-preview":"max-image-preview:large","max-video-preview":"max-video-preview:-1"},"og_locale":"fr_FR","og_type":"article","og_title":"PRET-A-PORTER - HOLD ON","og_description":"Merci pour votre visite. Aidez-nous \u00e0 faire conna\u00eetre ce site Internet en le partageant \u00e0 vos amis sur les r\u00e9seaux sociaux. Utilisez les boutons pr\u00e9sents sur cette page pour la partager sur votre r\u00e9seau social favori.","og_url":"https:\/\/maisonholdon.com\/index.php\/nous-soutenir\/","og_site_name":"HOLD ON","article_modified_time":"2021-11-04T11:32:11+00:00","og_image":[{"url":"https:\/\/maisonholdon.com\/wp-content\/uploads\/2021\/10\/Merci.png"}],"twitter_card":"summary_large_image","twitter_misc":{"Dur\u00e9e de lecture estim\u00e9e":"1 minute"},"schema":{"@context":"https:\/\/schema.org","@graph":[{"@type":"WebSite","@id":"https:\/\/maisonholdon.com\/#website","url":"https:\/\/maisonholdon.com\/","name":"HOLD ON","description":"Le site de ma boulangerie","potentialAction":[{"@type":"SearchAction","target":{"@type":"EntryPoint","urlTemplate":"https:\/\/maisonholdon.com\/?s={search_term_string}"},"query-input":"required name=search_term_string"}],"inLanguage":"fr-FR"},{"@type":"ImageObject","@id":"https:\/\/maisonholdon.com\/index.php\/nous-soutenir\/#primaryimage","inLanguage":"fr-FR","url":"https:\/\/maisonholdon.com\/wp-content\/uploads\/2021\/10\/Merci.png","contentUrl":"https:\/\/maisonholdon.com\/wp-content\/uploads\/2021\/10\/Merci.png","width":300,"height":147},{"@type":"WebPage","@id":"https:\/\/maisonholdon.com\/index.php\/nous-soutenir\/#webpage","url":"https:\/\/maisonholdon.com\/index.php\/nous-soutenir\/","name":"PRET-A-PORTER - HOLD ON","isPartOf":{"@id":"https:\/\/maisonholdon.com\/#website"},"primaryImageOfPage":{"@id":"https:\/\/maisonholdon.com\/index.php\/nous-soutenir\/#primaryimage"},"datePublished":"2021-10-14T08:28:07+00:00","dateModified":"2021-11-04T11:32:11+00:00","breadcrumb":{"@id":"https:\/\/maisonholdon.com\/index.php\/nous-soutenir\/#breadcrumb"},"inLanguage":"fr-FR","potentialAction":[{"@type":"ReadAction","target":["https:\/\/maisonholdon.com\/index.php\/nous-soutenir\/"]}]},{"@type":"BreadcrumbList","@id":"https:\/\/maisonholdon.com\/index.php\/nous-soutenir\/#breadcrumb","itemListElement":[{"@type":"ListItem","position":1,"name":"Accueil","item":"https:\/\/maisonholdon.com\/"},{"@type":"ListItem","position":2,"name":"PRET-A-PORTER"}]}]}},"_links":{"self":[{"href":"https:\/\/maisonholdon.com\/index.php\/wp-json\/wp\/v2\/pages\/97"}],"collection":[{"href":"https:\/\/maisonholdon.com\/index.php\/wp-json\/wp\/v2\/pages"}],"about":[{"href":"https:\/\/maisonholdon.com\/index.php\/wp-json\/wp\/v2\/types\/page"}],"author":[{"embeddable":true,"href":"https:\/\/maisonholdon.com\/index.php\/wp-json\/wp\/v2\/users\/1"}],"replies":[{"embeddable":true,"href":"https:\/\/maisonholdon.com\/index.php\/wp-json\/wp\/v2\/comments?post=97"}],"version-history":[{"count":8,"href":"https:\/\/maisonholdon.com\/index.php\/wp-json\/wp\/v2\/pages\/97\/revisions"}],"predecessor-version":[{"id":126,"href":"https:\/\/maisonholdon.com\/index.php\/wp-json\/wp\/v2\/pages\/97\/revisions\/126"}],"wp:attachment":[{"href":"https:\/\/maisonholdon.com\/index.php\/wp-json\/wp\/v2\/media?parent=97"}],"curies":[{"name":"wp","href":"https:\/\/api.w.org\/{rel}","templated":true}]}}